{"id":1249,"date":"2021-04-16T16:39:27","date_gmt":"2021-04-16T16:39:27","guid":{"rendered":"https:\/\/www.rochas.com\/?page_id=1249"},"modified":"2024-04-11T14:39:58","modified_gmt":"2024-04-11T14:39:58","slug":"mentions-legales","status":"publish","type":"page","link":"https:\/\/www.rochas.com\/fr\/mentions-legales","title":{"rendered":"Mentions l\u00e9gales"},"content":{"rendered":"\n<p><strong>Editeur<\/strong>: Le Site ROCHAS est \u00e9dit\u00e9 par la soci\u00e9t\u00e9 Interparfums, Soci\u00e9t\u00e9 Anonyme au capital de 188 717 919 euros immatricul\u00e9e au Registre du Commerce et des Soci\u00e9t\u00e9s de Paris sous le n\u00b0 350 219 382, dont le si\u00e8ge social est situ\u00e9 au 10 rue de Solferino 75007 Paris, France (Contact t\u00e9l. 33 (0) 1 53 77 00 00)<\/p>\n\n\n\n<p><strong>Directeur de publication<\/strong>: Philippe Benacin.<\/p>\n\n\n\n<p><strong>H\u00e9bergeur <\/strong>: Le Site est h\u00e9berg\u00e9 par la soci\u00e9t\u00e9 SimpleRezo, 20 Bd de S\u00e9bastopol, 75004 Paris, France. <a target=\"_blank\" href=\"https:\/\/www.simplerezo.com\/\" rel=\"noreferrer noopener\">https:\/\/www.simplerezo.com\/<\/a><\/p>\n\n\n\n<h2 class=\"wp-block-heading\">Conditions d&rsquo;utilisation du site<\/h2>\n\n\n\n<p>L\u2019utilisation de ce Site vaut acceptation des pr\u00e9sentes conditions.<\/p>\n\n\n\n<p>Sauf indication contraire, le Site est r\u00e9serv\u00e9 \u00e0 un usage personnel \u00e0 des fins d\u2019information. Tout autre usage est d\u00e9fendu et soumis \u00e0 notre autorisation.<\/p>\n\n\n\n<p>Malgr\u00e9 tout le soin apport\u00e9 \u00e0 l\u2019\u00e9laboration de ce Site et \u00e0 sa mise \u00e0 jour r\u00e9guli\u00e8re, Interparfums d\u00e9cline toute responsabilit\u00e9 pour toute impr\u00e9cision, inexactitude ou omission portant sur des informations disponibles sur le Site, ainsi que, dans les limites permises par la loi, pour tous dommages r\u00e9sultant de difficult\u00e9s rencontr\u00e9es lors de l\u2019acc\u00e8s \u00e0 son Site.<\/p>\n\n\n\n<p>Interparfums d\u00e9cline toute responsabilit\u00e9 :<\/p>\n\n\n\n<p>\u2013 Pour toute interruption, suspension ou dysfonctionnement du Site \u2013 Survenance de bogues \u2013 Pour toute inexactitude ou omission portant sur des informations disponibles sur le Site<\/p>\n\n\n\n<h2 class=\"wp-block-heading\">Droits de propri\u00e9t\u00e9<\/h2>\n\n\n\n<p>Le Site et l\u2019ensemble de son contenu (notamment les marques, textes, mod\u00e8les, images, vid\u00e9os et musiques) sont prot\u00e9g\u00e9s par le droit de propri\u00e9t\u00e9 intellectuelle. Ces \u00e9l\u00e9ments sont la propri\u00e9t\u00e9 exclusive d\u2019Interparfums et de ses contributeurs qui n\u2019accordent aucune licence ni aucun autre droit que celui de consulter le Site. Toutes les marques qui sont r\u00e9f\u00e9renc\u00e9es sur ce Site sont des marques prot\u00e9g\u00e9es par des d\u00e9p\u00f4ts au nom de leurs titulaires respectifs.<\/p>\n\n\n\n<p>La reproduction et la repr\u00e9sentation de tout ou partie du Site et de son contenu, ainsi que leur utilisation \u00e0 d\u2019autres fins que celles pr\u00e9vues dans les conditions d\u2019utilisation, sont interdites sans l\u2019autorisation pr\u00e9alable d\u2019Interparfums. Le non-respect de cette interdiction constitue un acte de contrefa\u00e7on engageant la responsabilit\u00e9 de tout contrevenant.<\/p>\n\n\n\n<h2 class=\"wp-block-heading\">Liens<\/h2>\n\n\n\n<p>Tout \u00e9tablissement de liens vers le Site est strictement interdit, sauf accord pr\u00e9alable d\u2019Interparfums.<\/p>\n\n\n\n<p>Le Site peut contenir des liens vers d&rsquo;autres sites web ou d\u2019autres sources Internet. Interparfums n\u2019ayant pas le contr\u00f4le sur ces sites, Interparfums d\u00e9cline toute responsabilit\u00e9 concernant ces sites et leur contenu. Si vous les visitez, nous vous invitons \u00e0 y consulter les mentions l\u00e9gales et les politiques de confidentialit\u00e9 applicables \u00e0 ces derniers.<\/p>\n\n\n\n<h2 class=\"wp-block-heading\">Donn\u00e9es personnelles<\/h2>\n\n\n\n<p>Si vous nous joignez par le biais de la rubrique \u00ab <a href=\"https:\/\/www.rochas.com\/fr\/contact\">Contact<\/a> \u00bb, Interparfums peut \u00eatre amen\u00e9e \u00e0 collecter et \u00e0 traiter informatiquement des donn\u00e9es personnelles vous concernant pour r\u00e9pondre \u00e0 votre demande. Les destinataires des donn\u00e9es collect\u00e9es sont les services d\u2019Interparfums charg\u00e9s de leur traitement, y compris le cas \u00e9ch\u00e9ant ses sous-traitants et ses partenaires.<\/p>\n\n\n\n<p>Nous veillons \u00e0 la protection des donn\u00e9es personnelles que vous nous nous transmettez. Nous vous invitons \u00e0 consulter la politique de confidentialit\u00e9 qui d\u00e9crit la politique d\u2019Interparfums en mati\u00e8re de <a href=\"https:\/\/www.rochas.com\/fr\/politique-de-confidentialite\">protection des donn\u00e9es personnelles<\/a>.<\/p>\n\n\n\n<h2 class=\"wp-block-heading\">Cookies<\/h2>\n\n\n\n<p>Le Site utilise des cookies.<\/p>\n\n\n\n<p>Un \u00ab cookie \u00bb est un t\u00e9moin de connexion qui d\u00e9signe un fichier texte susceptible d\u2019\u00eatre enregistr\u00e9, dans un espace d\u00e9di\u00e9 du disque dur de votre terminal (ordinateur, tablette, smartphone, etc.) \u00e0 l\u2019occasion de la consultation du Site. Pour plus d\u2019information sur l\u2019utilisation des cookies sur le Site, nous vous invitons \u00e0 consulter notre <a href=\"javascript:openAxeptioCookies()\">politique de cookies<\/a>.<\/p>\n\n\n\n<h2 class=\"wp-block-heading\">Modification du Site et des conditions d\u2019utilisation<\/h2>\n\n\n\n<p>Interparfums se r\u00e9serve le droit de modifier \u00e0 tout moment le Site et les pr\u00e9sentes conditions d\u2019utilisation de son Site, lesdites modifications seront alors int\u00e9gr\u00e9es aux pr\u00e9sentes conditions d\u2019utilisation.<\/p>\n\n\n\n<h2 class=\"wp-block-heading\">Droit applicable et litiges<\/h2>\n\n\n\n<p>Les pr\u00e9sentes conditions d\u2019utilisation du Site sont r\u00e9gies par le droit fran\u00e7ais. Toute contestation quant \u00e0 leur validit\u00e9, interpr\u00e9tation ou ex\u00e9cution sera soumise \u00e0 la comp\u00e9tence exclusive des Tribunaux de Paris.<\/p>\n\n\n\n<p>Version Ao\u00fbt 2021.<\/p>\n","protected":false},"excerpt":{"rendered":"<p>Editeur: Le Site ROCHAS est \u00e9dit\u00e9 par la soci\u00e9t\u00e9 Interparfums, Soci\u00e9t\u00e9 Anonyme au capital de 188 717 919 euros immatricul\u00e9e au Registre du Commerce et des Soci\u00e9t\u00e9s de Paris sous le n\u00b0 350 219 382, dont le si\u00e8ge social est situ\u00e9 au 10 rue de Solferino 75007 Paris, France (Contact t\u00e9l. 33 (0) 1 53 [&hellip;]<\/p>\n","protected":false},"author":1,"featured_media":0,"parent":0,"menu_order":0,"comment_status":"closed","ping_status":"closed","template":"template-legal.php","meta":{"_acf_changed":false,"footnotes":""},"search_page_tag":[],"acf":[],"yoast_head":"<!-- This site is optimized with the Yoast SEO plugin v22.3 - https:\/\/yoast.com\/wordpress\/plugins\/seo\/ -->\n<title>Mentions l\u00e9gales - Rochas Site Officiel<\/title>\n<meta name=\"robots\" content=\"index, follow, max-snippet:-1, max-image-preview:large, max-video-preview:-1\" \/>\n<link rel=\"canonical\" href=\"https:\/\/www.rochas.com\/fr\/mentions-legales\" \/>\n<meta property=\"og:locale\" content=\"fr_FR\" \/>\n<meta property=\"og:type\" content=\"article\" \/>\n<meta property=\"og:title\" content=\"Mentions l\u00e9gales - Rochas Site Officiel\" \/>\n<meta property=\"og:description\" content=\"Editeur: Le Site ROCHAS est \u00e9dit\u00e9 par la soci\u00e9t\u00e9 Interparfums, Soci\u00e9t\u00e9 Anonyme au capital de 188 717 919 euros immatricul\u00e9e au Registre du Commerce et des Soci\u00e9t\u00e9s de Paris sous le n\u00b0 350 219 382, dont le si\u00e8ge social est situ\u00e9 au 10 rue de Solferino 75007 Paris, France (Contact t\u00e9l. 33 (0) 1 53 [&hellip;]\" \/>\n<meta property=\"og:url\" content=\"https:\/\/www.rochas.com\/fr\/mentions-legales\" \/>\n<meta property=\"og:site_name\" content=\"Rochas Site Officiel\" \/>\n<meta property=\"article:modified_time\" content=\"2024-04-11T14:39:58+00:00\" \/>\n<meta name=\"twitter:card\" content=\"summary_large_image\" \/>\n<meta name=\"twitter:label1\" content=\"Dur\u00e9e de lecture estim\u00e9e\" \/>\n\t<meta name=\"twitter:data1\" content=\"4 minutes\" \/>\n<script type=\"application\/ld+json\" class=\"yoast-schema-graph\">{\"@context\":\"https:\/\/schema.org\",\"@graph\":[{\"@type\":\"WebPage\",\"@id\":\"https:\/\/www.rochas.com\/fr\/mentions-legales\",\"url\":\"https:\/\/www.rochas.com\/fr\/mentions-legales\",\"name\":\"Mentions l\u00e9gales - Rochas Site Officiel\",\"isPartOf\":{\"@id\":\"https:\/\/www.rochas.com\/fr#website\"},\"datePublished\":\"2021-04-16T16:39:27+00:00\",\"dateModified\":\"2024-04-11T14:39:58+00:00\",\"breadcrumb\":{\"@id\":\"https:\/\/www.rochas.com\/fr\/mentions-legales#breadcrumb\"},\"inLanguage\":\"fr-FR\",\"potentialAction\":[{\"@type\":\"ReadAction\",\"target\":[\"https:\/\/www.rochas.com\/fr\/mentions-legales\"]}]},{\"@type\":\"BreadcrumbList\",\"@id\":\"https:\/\/www.rochas.com\/fr\/mentions-legales#breadcrumb\",\"itemListElement\":[{\"@type\":\"ListItem\",\"position\":1,\"name\":\"Home\",\"item\":\"https:\/\/www.rochas.com\/fr\"},{\"@type\":\"ListItem\",\"position\":2,\"name\":\"Mentions l\u00e9gales\"}]},{\"@type\":\"WebSite\",\"@id\":\"https:\/\/www.rochas.com\/fr#website\",\"url\":\"https:\/\/www.rochas.com\/fr\",\"name\":\"Rochas Site Officiel\",\"description\":\"Mode et parfum \u00e0 Paris depuis 1925\",\"potentialAction\":[{\"@type\":\"SearchAction\",\"target\":{\"@type\":\"EntryPoint\",\"urlTemplate\":\"https:\/\/www.rochas.com\/fr?s={search_term_string}\"},\"query-input\":\"required name=search_term_string\"}],\"inLanguage\":\"fr-FR\"}]}<\/script>\n<!-- \/ Yoast SEO plugin. -->","yoast_head_json":{"title":"Mentions l\u00e9gales - Rochas Site Officiel","robots":{"index":"index","follow":"follow","max-snippet":"max-snippet:-1","max-image-preview":"max-image-preview:large","max-video-preview":"max-video-preview:-1"},"canonical":"https:\/\/www.rochas.com\/fr\/mentions-legales","og_locale":"fr_FR","og_type":"article","og_title":"Mentions l\u00e9gales - Rochas Site Officiel","og_description":"Editeur: Le Site ROCHAS est \u00e9dit\u00e9 par la soci\u00e9t\u00e9 Interparfums, Soci\u00e9t\u00e9 Anonyme au capital de 188 717 919 euros immatricul\u00e9e au Registre du Commerce et des Soci\u00e9t\u00e9s de Paris sous le n\u00b0 350 219 382, dont le si\u00e8ge social est situ\u00e9 au 10 rue de Solferino 75007 Paris, France (Contact t\u00e9l. 33 (0) 1 53 [&hellip;]","og_url":"https:\/\/www.rochas.com\/fr\/mentions-legales","og_site_name":"Rochas Site Officiel","article_modified_time":"2024-04-11T14:39:58+00:00","twitter_card":"summary_large_image","twitter_misc":{"Dur\u00e9e de lecture estim\u00e9e":"4 minutes"},"schema":{"@context":"https:\/\/schema.org","@graph":[{"@type":"WebPage","@id":"https:\/\/www.rochas.com\/fr\/mentions-legales","url":"https:\/\/www.rochas.com\/fr\/mentions-legales","name":"Mentions l\u00e9gales - Rochas Site Officiel","isPartOf":{"@id":"https:\/\/www.rochas.com\/fr#website"},"datePublished":"2021-04-16T16:39:27+00:00","dateModified":"2024-04-11T14:39:58+00:00","breadcrumb":{"@id":"https:\/\/www.rochas.com\/fr\/mentions-legales#breadcrumb"},"inLanguage":"fr-FR","potentialAction":[{"@type":"ReadAction","target":["https:\/\/www.rochas.com\/fr\/mentions-legales"]}]},{"@type":"BreadcrumbList","@id":"https:\/\/www.rochas.com\/fr\/mentions-legales#breadcrumb","itemListElement":[{"@type":"ListItem","position":1,"name":"Home","item":"https:\/\/www.rochas.com\/fr"},{"@type":"ListItem","position":2,"name":"Mentions l\u00e9gales"}]},{"@type":"WebSite","@id":"https:\/\/www.rochas.com\/fr#website","url":"https:\/\/www.rochas.com\/fr","name":"Rochas Site Officiel","description":"Mode et parfum \u00e0 Paris depuis 1925","potentialAction":[{"@type":"SearchAction","target":{"@type":"EntryPoint","urlTemplate":"https:\/\/www.rochas.com\/fr?s={search_term_string}"},"query-input":"required name=search_term_string"}],"inLanguage":"fr-FR"}]}},"_links":{"self":[{"href":"https:\/\/www.rochas.com\/fr\/wp-json\/wp\/v2\/pages\/1249"}],"collection":[{"href":"https:\/\/www.rochas.com\/fr\/wp-json\/wp\/v2\/pages"}],"about":[{"href":"https:\/\/www.rochas.com\/fr\/wp-json\/wp\/v2\/types\/page"}],"author":[{"embeddable":true,"href":"https:\/\/www.rochas.com\/fr\/wp-json\/wp\/v2\/users\/1"}],"replies":[{"embeddable":true,"href":"https:\/\/www.rochas.com\/fr\/wp-json\/wp\/v2\/comments?post=1249"}],"version-history":[{"count":12,"href":"https:\/\/www.rochas.com\/fr\/wp-json\/wp\/v2\/pages\/1249\/revisions"}],"predecessor-version":[{"id":19274,"href":"https:\/\/www.rochas.com\/fr\/wp-json\/wp\/v2\/pages\/1249\/revisions\/19274"}],"wp:attachment":[{"href":"https:\/\/www.rochas.com\/fr\/wp-json\/wp\/v2\/media?parent=1249"}],"wp:term":[{"taxonomy":"search_page_tag","embeddable":true,"href":"https:\/\/www.rochas.com\/fr\/wp-json\/wp\/v2\/search_page_tag?post=1249"}],"curies":[{"name":"wp","href":"https:\/\/api.w.org\/{rel}","templated":true}]}}