{"id":5837,"date":"2021-06-02T15:34:46","date_gmt":"2021-06-02T15:34:46","guid":{"rendered":"https:\/\/www.rochas.com\/univers-moustache"},"modified":"2021-09-01T16:26:23","modified_gmt":"2021-09-01T16:26:23","slug":"universo-moustache","status":"publish","type":"page","link":"https:\/\/www.rochas.com\/es\/universo-moustache","title":{"rendered":"Universo Moustache"},"content":{"rendered":"\n\n<section id=\"disko-component-banniere-promotionnelle-block_6079631b2a86a\" class=\"disko-component disko-component-banniere-promotionnelle has-title\" data-header-color=\"white\"\ndata-associated-perfume-category=\"\">\n    \n    <!-- specific styling -->\n    <style type=\"text\/css\">\n        #disko-component-banniere-promotionnelle-block_6079631b2a86a {\n            color: white;\n            --triangle-color: white;\n        }\n        #disko-component-banniere-promotionnelle-block_6079631b2a86a .description {\n            order: -1;\n        }\n        #disko-component-banniere-promotionnelle-block_6079631b2a86a .underlined-cta {\n            --underline-color: white;\n        }\n    <\/style>\n\n            <picture>\n    \t\t<!-- Extra small devices (portrait phones, less than 768px) -->\n    \t\t<source media=\"(max-width: 767px)\" srcset=\"https:\/\/www.rochas.com\/wp-content\/uploads\/2021\/06\/20180218_moustache_sam-lhermillier_1084-MK-scaled.jpg 150w, https:\/\/www.rochas.com\/wp-content\/uploads\/2021\/06\/20180218_moustache_sam-lhermillier_1084-MK-scaled.jpg 300w, https:\/\/www.rochas.com\/wp-content\/uploads\/2021\/06\/20180218_moustache_sam-lhermillier_1084-MK-scaled.jpg 768w, https:\/\/www.rochas.com\/wp-content\/uploads\/2021\/06\/20180218_moustache_sam-lhermillier_1084-MK-scaled.jpg 1024w, https:\/\/www.rochas.com\/wp-content\/uploads\/2021\/06\/20180218_moustache_sam-lhermillier_1084-MK-scaled.jpg 1536w, https:\/\/www.rochas.com\/wp-content\/uploads\/2021\/06\/20180218_moustache_sam-lhermillier_1084-MK-scaled.jpg 2048w, https:\/\/www.rochas.com\/wp-content\/uploads\/2021\/06\/20180218_moustache_sam-lhermillier_1084-MK-scaled.jpg 683w\" loading=\"lazy\" type=\"image\/jpeg\" \/>\n    \t\t<!-- Medium devices (tablets, 768px and up) -->\n    \t\t<source media=\"(min-width: 768px)\" srcset=\"https:\/\/www.rochas.com\/wp-content\/uploads\/2021\/06\/20180218_moustache_sam-lhermillier_1084-MK-scaled.jpg 150w, https:\/\/www.rochas.com\/wp-content\/uploads\/2021\/06\/20180218_moustache_sam-lhermillier_1084-MK-scaled.jpg 300w, https:\/\/www.rochas.com\/wp-content\/uploads\/2021\/06\/20180218_moustache_sam-lhermillier_1084-MK-scaled.jpg 768w, https:\/\/www.rochas.com\/wp-content\/uploads\/2021\/06\/20180218_moustache_sam-lhermillier_1084-MK-scaled.jpg 1024w, https:\/\/www.rochas.com\/wp-content\/uploads\/2021\/06\/20180218_moustache_sam-lhermillier_1084-MK-scaled.jpg 1536w, https:\/\/www.rochas.com\/wp-content\/uploads\/2021\/06\/20180218_moustache_sam-lhermillier_1084-MK-scaled.jpg 2048w, https:\/\/www.rochas.com\/wp-content\/uploads\/2021\/06\/20180218_moustache_sam-lhermillier_1084-MK-scaled.jpg 683w\" loading=\"lazy\" type=\"image\/jpeg\" \/>\n    \t\t<!-- fallback -->\n    \t\t<img decoding=\"async\" srcset=\"https:\/\/www.rochas.com\/wp-content\/uploads\/2021\/06\/20180218_moustache_sam-lhermillier_1084-MK-scaled.jpg 150w, https:\/\/www.rochas.com\/wp-content\/uploads\/2021\/06\/20180218_moustache_sam-lhermillier_1084-MK-scaled.jpg 300w, https:\/\/www.rochas.com\/wp-content\/uploads\/2021\/06\/20180218_moustache_sam-lhermillier_1084-MK-scaled.jpg 768w, https:\/\/www.rochas.com\/wp-content\/uploads\/2021\/06\/20180218_moustache_sam-lhermillier_1084-MK-scaled.jpg 1024w, https:\/\/www.rochas.com\/wp-content\/uploads\/2021\/06\/20180218_moustache_sam-lhermillier_1084-MK-scaled.jpg 1536w, https:\/\/www.rochas.com\/wp-content\/uploads\/2021\/06\/20180218_moustache_sam-lhermillier_1084-MK-scaled.jpg 2048w, https:\/\/www.rochas.com\/wp-content\/uploads\/2021\/06\/20180218_moustache_sam-lhermillier_1084-MK-scaled.jpg 683w\" src=\"https:\/\/www.rochas.com\/wp-content\/uploads\/2021\/06\/20180218_moustache_sam-lhermillier_1084-MK-scaled.jpg\" loading=\"lazy\" class=\"background-media\" alt=\"\"\/>\n        <\/picture>\n        \n            <h1 class=\"title-xl disko-animate-onload\">Moustache<\/h1>\n        \n            <div class=\"description disko-animate-onload above-title sans-serif\"><\/div>\n        \n        \n        \n<\/section>\n\n\n\n\n<section id=\"disko-component-perfume-bottle-minis-block_6079692cbf2ff\" class=\"disko-component disko-component-perfume-bottle-minis\">\n    <style>\n        .disko-component-perfume-bottle-minis .swiper-slide__link:hover .name\n        {\n          color: ;\n        }\n    <\/style>\n        <img decoding=\"async\" srcset=\"https:\/\/www.rochas.com\/wp-content\/uploads\/2021\/06\/logo_moustache.png 150w, https:\/\/www.rochas.com\/wp-content\/uploads\/2021\/06\/logo_moustache.png 300w, https:\/\/www.rochas.com\/wp-content\/uploads\/2021\/06\/logo_moustache.png 768w, https:\/\/www.rochas.com\/wp-content\/uploads\/2021\/06\/logo_moustache.png 868w, https:\/\/www.rochas.com\/wp-content\/uploads\/2021\/06\/logo_moustache.png 683w\" src=\"https:\/\/www.rochas.com\/wp-content\/uploads\/2021\/06\/logo_moustache.png\" loading=\"lazy\" class=\"universe-logo\" sizes=\"(max-width: 767px) 50vw, 17vw\">\n        \n    <div class=\"swiper-container\">\n        <div class=\"swiper-wrapper\">\n            \n                        \n            <div class=\"swiper-slide\">\n                <a class=\"swiper-slide__link\" href=\"#moustache-eau-de-parfum\">\n                    <div class=\"perfume-picture-container\">\n                        <div style=\"position: relative;\">\n                            <img decoding=\"async\" class=\"perfume--solid\"  srcset=\"https:\/\/www.rochas.com\/wp-content\/uploads\/2021\/01\/moustache_edp_squared.png 150w, https:\/\/www.rochas.com\/wp-content\/uploads\/2021\/01\/moustache_edp_squared.png 300w, https:\/\/www.rochas.com\/wp-content\/uploads\/2021\/01\/moustache_edp_squared.png 768w, https:\/\/www.rochas.com\/wp-content\/uploads\/2021\/01\/moustache_edp_squared.png 1024w, https:\/\/www.rochas.com\/wp-content\/uploads\/2021\/01\/moustache_edp_squared.png 1536w, https:\/\/www.rochas.com\/wp-content\/uploads\/2021\/01\/moustache_edp_squared.png 1584w, https:\/\/www.rochas.com\/wp-content\/uploads\/2021\/01\/moustache_edp_squared.png 683w\" src=\"https:\/\/www.rochas.com\/wp-content\/uploads\/2021\/01\/moustache_edp_squared.png\" loading=\"lazy\" sizes=\"(max-width: 767px) 45vw, 10vw\">\n                        <\/div>\n                    <\/div>\n                    <p class=\"name sans-serif\">Moustache Eau de Parfum<\/p>\n                <\/a>\n            <\/div>\n                        \n        <\/div>\n    <\/div>\n<\/section>\n\n<!-- specific styling -->\n<style type=\"text\/css\">\n    #disko-component-perfume-bottle-minis-block_6079692cbf2ff {\n        \n    }\n<\/style>\n\n\n\n\n\n\n\n\n<section id=\"disko-component-quinconce-block_607963712a86b\" class=\"disko-component disko-component-quinconce text-first \">\n    \n    <!-- specific styling -->\n    <style type=\"text\/css\">\n        #disko-component-quinconce-block_607963712a86b .grid-item__title.quotation-mark > :first-child::before\n        {\n          color: #f8e8f2;\n        }\n    <\/style>\n\n        <div class=\"quinconce-grid\">                <div class=\"grid-item\">\n            <div class=\"wysiwyg\">\n                \n                                <h2 class=\"grid-item__title quotation-mark\">\n                  <p>CARISM\u00c1TICO<\/p>\n                <\/h2>\n                                \n                <p>Moustache de Rochas es el retrato olfativo de un hombre urbano con un estilo \u00fanico. Un dandi moderno de personalidad original y con un estilo anticuado. Su estela tiene el encanto de un traje citadino de ca\u00edda perfecta. <\/p>\n                \n                            <\/div>\n            <div class=\"img-container\">\n                <div class=\"caption-wrapper\">\n                                            <img decoding=\"async\" srcset=\"https:\/\/www.rochas.com\/wp-content\/uploads\/2021\/07\/ROCHAS_HT_DAY1_0269-scaled.jpg 100w, https:\/\/www.rochas.com\/wp-content\/uploads\/2021\/07\/ROCHAS_HT_DAY1_0269-scaled.jpg 200w, https:\/\/www.rochas.com\/wp-content\/uploads\/2021\/07\/ROCHAS_HT_DAY1_0269-scaled.jpg 768w, https:\/\/www.rochas.com\/wp-content\/uploads\/2021\/07\/ROCHAS_HT_DAY1_0269-scaled.jpg 683w, https:\/\/www.rochas.com\/wp-content\/uploads\/2021\/07\/ROCHAS_HT_DAY1_0269-scaled.jpg 1024w, https:\/\/www.rochas.com\/wp-content\/uploads\/2021\/07\/ROCHAS_HT_DAY1_0269-scaled.jpg 1365w, https:\/\/www.rochas.com\/wp-content\/uploads\/2021\/07\/ROCHAS_HT_DAY1_0269-scaled.jpg 683w\" src=\"https:\/\/www.rochas.com\/wp-content\/uploads\/2021\/07\/ROCHAS_HT_DAY1_0269-scaled.jpg\" loading=\"lazy\" sizes=\"(max-width: 767px) 84vw, 38vw\" alt=\"\">\n                                        <div class=\"caption\">\n                        <p>CARISM\u00c1TICO<\/p>\n                        <p>1<\/p>\n                    <\/div>\n                <\/div>\n            <\/div>\n        <\/div>\n                    <div class=\"grid-item\">\n            <div class=\"wysiwyg\">\n                \n                                <h2 class=\"grid-item__title \">\n                  <p>AUDAZ<\/p>\n                <\/h2>\n                                \n                <p>Moustache, que fuera el primer\u00edsimo perfume masculino de la Casa, se inspira de la fuerza y sensualidad de un hombre actual, libre y seguro. Sublima con resplandor la personalidad insolente de los hombres apasionados.<\/p>\n                \n                            <\/div>\n            <div class=\"img-container\">\n                <div class=\"caption-wrapper\">\n                                            <img decoding=\"async\" srcset=\"https:\/\/www.rochas.com\/wp-content\/uploads\/2021\/07\/ROCHAS_HT_DAY1_0307-scaled.jpg 100w, https:\/\/www.rochas.com\/wp-content\/uploads\/2021\/07\/ROCHAS_HT_DAY1_0307-scaled.jpg 200w, https:\/\/www.rochas.com\/wp-content\/uploads\/2021\/07\/ROCHAS_HT_DAY1_0307-scaled.jpg 768w, https:\/\/www.rochas.com\/wp-content\/uploads\/2021\/07\/ROCHAS_HT_DAY1_0307-scaled.jpg 683w, https:\/\/www.rochas.com\/wp-content\/uploads\/2021\/07\/ROCHAS_HT_DAY1_0307-scaled.jpg 1024w, https:\/\/www.rochas.com\/wp-content\/uploads\/2021\/07\/ROCHAS_HT_DAY1_0307-scaled.jpg 1365w, https:\/\/www.rochas.com\/wp-content\/uploads\/2021\/07\/ROCHAS_HT_DAY1_0307-scaled.jpg 683w\" src=\"https:\/\/www.rochas.com\/wp-content\/uploads\/2021\/07\/ROCHAS_HT_DAY1_0307-scaled.jpg\" loading=\"lazy\" sizes=\"(max-width: 767px) 84vw, 38vw\" alt=\"\">\n                                        <div class=\"caption\">\n                        <p>AUDAZ<\/p>\n                        <p>2<\/p>\n                    <\/div>\n                <\/div>\n            <\/div>\n        <\/div>\n    <\/div>\n<\/section>\n\n\n\n\n\n<section id=\"disko-component-slideshow-perfumes-block_6079697dbf305\" class=\"disko-component disko-component-slideshow-perfumes\" data-header-color=\"black\">\n    <div class=\"sticky-perfumes-container\">\n            <article class=\"single-perfume\" style=\"background-color: #0a0000; color: white;\" data-header-color=\"white\" data-state=\"hidden\" data-id=\"moustache-eau-de-parfum\">\n            <h1 class=\"title-xl perfume-name\" style=\"color: #da291c;\">\n                <span>\n                    Moustache<br>\n                    <span><\/span>\n                <\/span>\n            <\/h1>\n            <div class=\"main-container\">\n                \n                <div class=\"img-container\">\n                    <img decoding=\"async\" srcset=\"https:\/\/www.rochas.com\/wp-content\/uploads\/2021\/05\/moustache-edp-v1-150x150.png 150w, https:\/\/www.rochas.com\/wp-content\/uploads\/2021\/05\/moustache-edp-v1-277x300.png 277w, https:\/\/www.rochas.com\/wp-content\/uploads\/2021\/05\/moustache-edp-v1.png 554w\" src=\"https:\/\/www.rochas.com\/wp-content\/uploads\/2021\/05\/moustache-edp-v1.png\" loading=\"lazy\" class=\"perfume-bottle\" sizes=\"(max-width: 767px) 44vw, 20vw\">\n                <\/div>\n                \n                <div class=\"text-container\">\n                                        <div class=\"descriptions-container\">\n                        <p class=\"half-description\">Moustache encarna la distinci\u00f3n masculina y la quintaesencia de la seducci\u00f3n seg\u00fan Rochas.<\/p>\n                        <div class=\"half-description\">\n                            <p><\/p>\n                            <div class=\"cta-container\" style=\"--underline-color: white;\">\n                                <a href=\"https:\/\/www.rochas.com\/es\/perfumes\/moustache-eau-de-parfum\" class=\"underlined-cta\"><span>descubrir<\/span><\/a>\n                                \n                                                                \n                                \n                            <\/div>\n                        <\/div>\n                    <\/div>\n                <\/div>\n            <\/div>\n        <\/article>\n        <\/div>\n    <div class=\"js-triggers\">\n            <div class=\"js-trigger\" data-which=\"0\"><\/div>\n        <\/div>\n    <output class=\"slideshow-test sans-serif\" style=\"position: fixed; top: 50%\">\n        \n    <\/output>\n<\/section>\n\n<!-- specific styling -->\n<style type=\"text\/css\">\n    #disko-component-slideshow-perfumes-block_6079697dbf305 {\n        height: 100vh;\n    }\n<\/style>\n\n\n    <!-- Marketplace -->\n    <div class=\"marketplace-container\" data-state=\"closed\">\n    <section class=\"marketplace-popup\">\n        <h2 class=\"title\">Comprar en l\u00ednea<\/h2>\n        \n        <div class=\"swiper-container\">\n            <div class=\"swiper-wrapper\">\n                        \n                        <\/div>\n            \n            <div class=\"marketplace__buttons-area\">\n                <div class=\"swiper-button-prev\">\n                    <svg class=\"slider-fullscreen-arrow-svg\" xmlns=\"http:\/\/www.w3.org\/2000\/svg\" width=\"5\" height=\"25\" fill=\"var(--color, #000000)\" viewBox=\"0 0 5 25\" xmlns:v=\"https:\/\/vecta.io\/nano\"><path d=\"M1.97 1.058L.673 2.897c-.105.15-.308.182-.452.073s-.176-.32-.071-.47L1.66.359C1.821.131 2.055 0 2.301 0h0 .001c.246.001.48.132.642.363l1.494 2.139c.105.15.073.361-.072.468s-.348.075-.451-.075L2.617 1.037V25H1.97V1.058z\" fill-rule=\"evenodd\"\/><\/svg>                <\/div>\n                <div class=\"swiper-button-next\">\n                    <svg class=\"slider-fullscreen-arrow-svg\" xmlns=\"http:\/\/www.w3.org\/2000\/svg\" width=\"5\" height=\"25\" fill=\"var(--color, #000000)\" viewBox=\"0 0 5 25\" xmlns:v=\"https:\/\/vecta.io\/nano\"><path d=\"M1.97 1.058L.673 2.897c-.105.15-.308.182-.452.073s-.176-.32-.071-.47L1.66.359C1.821.131 2.055 0 2.301 0h0 .001c.246.001.48.132.642.363l1.494 2.139c.105.15.073.361-.072.468s-.348.075-.451-.075L2.617 1.037V25H1.97V1.058z\" fill-rule=\"evenodd\"\/><\/svg>                <\/div>\n            <\/div>\n        <\/div>\n        \n                <div class=\"retailers\" data-show=\"none\">\n                    <\/div>\n        \n        <button class=\"marketplace-popup__btn-close\"><svg class=\"cross-icon-svg\" width=\"100%\" height=\"100%\" viewBox=\"0 0 22 22\" version=\"1.1\" xmlns=\"http:\/\/www.w3.org\/2000\/svg\" xmlns:xlink=\"http:\/\/www.w3.org\/1999\/xlink\">\n    <g stroke=\"var(--cross-color, #ffffff)\" stroke-width=\"2\">\n        <line class=\"menu-line l1\" x1=\"5\" y1=\"5\" x2=\"17\" y2=\"17\" stroke-linecap=\"round\"><\/line>\n        <line class=\"menu-line l3\" x1=\"5\" y1=\"17\" x2=\"17\" y2=\"5\" stroke-linecap=\"round\"><\/line>\n    <\/g>\n<\/svg><\/button>\n    <\/section>\n<\/div>\n\n\n<p><\/p>\n","protected":false},"excerpt":{"rendered":"","protected":false},"author":1,"featured_media":5324,"parent":0,"menu_order":0,"comment_status":"closed","ping_status":"closed","template":"template-univers.php","meta":{"_acf_changed":false,"footnotes":""},"search_page_tag":[212],"acf":[],"yoast_head":"<!-- This site is optimized with the Yoast SEO plugin v22.3 - https:\/\/yoast.com\/wordpress\/plugins\/seo\/ -->\n<title>Universo Moustache - Rochas Sitio Oficial<\/title>\n<meta name=\"description\" content=\"Descubre Perfumes Moustache en Rochas.com. Descubre el Agua de Perfume para Caballero y el Agua de Tocador ic\u00f3nica y elegante creada en 1949.\" \/>\n<meta name=\"robots\" content=\"index, follow, max-snippet:-1, max-image-preview:large, max-video-preview:-1\" \/>\n<link rel=\"canonical\" href=\"https:\/\/www.rochas.com\/es\/universo-moustache\" \/>\n<meta property=\"og:locale\" content=\"es_ES\" \/>\n<meta property=\"og:type\" content=\"article\" \/>\n<meta property=\"og:title\" content=\"Universo Moustache - Rochas Sitio Oficial\" \/>\n<meta property=\"og:description\" content=\"Descubre Perfumes Moustache en Rochas.com. Descubre el Agua de Perfume para Caballero y el Agua de Tocador ic\u00f3nica y elegante creada en 1949.\" \/>\n<meta property=\"og:url\" content=\"https:\/\/www.rochas.com\/es\/universo-moustache\" \/>\n<meta property=\"og:site_name\" content=\"Rochas Sitio Oficial\" \/>\n<meta property=\"article:modified_time\" content=\"2021-09-01T16:26:23+00:00\" \/>\n<meta property=\"og:image\" content=\"https:\/\/www.rochas.com\/wp-content\/uploads\/2021\/07\/ROCHAS_HT_DAY1_0307-scaled.jpg\" \/>\n\t<meta property=\"og:image:width\" content=\"4480\" \/>\n\t<meta property=\"og:image:height\" content=\"6720\" \/>\n\t<meta property=\"og:image:type\" content=\"image\/jpeg\" \/>\n<meta name=\"twitter:card\" content=\"summary_large_image\" \/>\n<script type=\"application\/ld+json\" class=\"yoast-schema-graph\">{\"@context\":\"https:\/\/schema.org\",\"@graph\":[{\"@type\":\"WebPage\",\"@id\":\"https:\/\/www.rochas.com\/es\/universo-moustache\",\"url\":\"https:\/\/www.rochas.com\/es\/universo-moustache\",\"name\":\"Universo Moustache - Rochas Sitio Oficial\",\"isPartOf\":{\"@id\":\"https:\/\/www.rochas.com\/es\/#website\"},\"primaryImageOfPage\":{\"@id\":\"https:\/\/www.rochas.com\/es\/universo-moustache#primaryimage\"},\"image\":{\"@id\":\"https:\/\/www.rochas.com\/es\/universo-moustache#primaryimage\"},\"thumbnailUrl\":\"https:\/\/www.rochas.com\/wp-content\/uploads\/2021\/07\/ROCHAS_HT_DAY1_0307-scaled.jpg\",\"datePublished\":\"2021-06-02T15:34:46+00:00\",\"dateModified\":\"2021-09-01T16:26:23+00:00\",\"description\":\"Descubre Perfumes Moustache en Rochas.com. Descubre el Agua de Perfume para Caballero y el Agua de Tocador ic\u00f3nica y elegante creada en 1949.\",\"breadcrumb\":{\"@id\":\"https:\/\/www.rochas.com\/es\/universo-moustache#breadcrumb\"},\"inLanguage\":\"es\",\"potentialAction\":[{\"@type\":\"ReadAction\",\"target\":[\"https:\/\/www.rochas.com\/es\/universo-moustache\"]}]},{\"@type\":\"ImageObject\",\"inLanguage\":\"es\",\"@id\":\"https:\/\/www.rochas.com\/es\/universo-moustache#primaryimage\",\"url\":\"https:\/\/www.rochas.com\/wp-content\/uploads\/2021\/07\/ROCHAS_HT_DAY1_0307-scaled.jpg\",\"contentUrl\":\"https:\/\/www.rochas.com\/wp-content\/uploads\/2021\/07\/ROCHAS_HT_DAY1_0307-scaled.jpg\",\"width\":4480,\"height\":6720},{\"@type\":\"BreadcrumbList\",\"@id\":\"https:\/\/www.rochas.com\/es\/universo-moustache#breadcrumb\",\"itemListElement\":[{\"@type\":\"ListItem\",\"position\":1,\"name\":\"Home\",\"item\":\"https:\/\/www.rochas.com\/es\"},{\"@type\":\"ListItem\",\"position\":2,\"name\":\"Universo Moustache\"}]},{\"@type\":\"WebSite\",\"@id\":\"https:\/\/www.rochas.com\/es\/#website\",\"url\":\"https:\/\/www.rochas.com\/es\/\",\"name\":\"Rochas Sitio Oficial\",\"description\":\"Mode et parfum \u00e0 Paris depuis 1925\",\"potentialAction\":[{\"@type\":\"SearchAction\",\"target\":{\"@type\":\"EntryPoint\",\"urlTemplate\":\"https:\/\/www.rochas.com\/es\/?s={search_term_string}\"},\"query-input\":\"required name=search_term_string\"}],\"inLanguage\":\"es\"}]}<\/script>\n<!-- \/ Yoast SEO plugin. -->","yoast_head_json":{"title":"Universo Moustache - Rochas Sitio Oficial","description":"Descubre Perfumes Moustache en Rochas.com. Descubre el Agua de Perfume para Caballero y el Agua de Tocador ic\u00f3nica y elegante creada en 1949.","robots":{"index":"index","follow":"follow","max-snippet":"max-snippet:-1","max-image-preview":"max-image-preview:large","max-video-preview":"max-video-preview:-1"},"canonical":"https:\/\/www.rochas.com\/es\/universo-moustache","og_locale":"es_ES","og_type":"article","og_title":"Universo Moustache - Rochas Sitio Oficial","og_description":"Descubre Perfumes Moustache en Rochas.com. Descubre el Agua de Perfume para Caballero y el Agua de Tocador ic\u00f3nica y elegante creada en 1949.","og_url":"https:\/\/www.rochas.com\/es\/universo-moustache","og_site_name":"Rochas Sitio Oficial","article_modified_time":"2021-09-01T16:26:23+00:00","og_image":[{"width":4480,"height":6720,"url":"https:\/\/www.rochas.com\/wp-content\/uploads\/2021\/07\/ROCHAS_HT_DAY1_0307-scaled.jpg","type":"image\/jpeg"}],"twitter_card":"summary_large_image","schema":{"@context":"https:\/\/schema.org","@graph":[{"@type":"WebPage","@id":"https:\/\/www.rochas.com\/es\/universo-moustache","url":"https:\/\/www.rochas.com\/es\/universo-moustache","name":"Universo Moustache - Rochas Sitio Oficial","isPartOf":{"@id":"https:\/\/www.rochas.com\/es\/#website"},"primaryImageOfPage":{"@id":"https:\/\/www.rochas.com\/es\/universo-moustache#primaryimage"},"image":{"@id":"https:\/\/www.rochas.com\/es\/universo-moustache#primaryimage"},"thumbnailUrl":"https:\/\/www.rochas.com\/wp-content\/uploads\/2021\/07\/ROCHAS_HT_DAY1_0307-scaled.jpg","datePublished":"2021-06-02T15:34:46+00:00","dateModified":"2021-09-01T16:26:23+00:00","description":"Descubre Perfumes Moustache en Rochas.com. Descubre el Agua de Perfume para Caballero y el Agua de Tocador ic\u00f3nica y elegante creada en 1949.","breadcrumb":{"@id":"https:\/\/www.rochas.com\/es\/universo-moustache#breadcrumb"},"inLanguage":"es","potentialAction":[{"@type":"ReadAction","target":["https:\/\/www.rochas.com\/es\/universo-moustache"]}]},{"@type":"ImageObject","inLanguage":"es","@id":"https:\/\/www.rochas.com\/es\/universo-moustache#primaryimage","url":"https:\/\/www.rochas.com\/wp-content\/uploads\/2021\/07\/ROCHAS_HT_DAY1_0307-scaled.jpg","contentUrl":"https:\/\/www.rochas.com\/wp-content\/uploads\/2021\/07\/ROCHAS_HT_DAY1_0307-scaled.jpg","width":4480,"height":6720},{"@type":"BreadcrumbList","@id":"https:\/\/www.rochas.com\/es\/universo-moustache#breadcrumb","itemListElement":[{"@type":"ListItem","position":1,"name":"Home","item":"https:\/\/www.rochas.com\/es"},{"@type":"ListItem","position":2,"name":"Universo Moustache"}]},{"@type":"WebSite","@id":"https:\/\/www.rochas.com\/es\/#website","url":"https:\/\/www.rochas.com\/es\/","name":"Rochas Sitio Oficial","description":"Mode et parfum \u00e0 Paris depuis 1925","potentialAction":[{"@type":"SearchAction","target":{"@type":"EntryPoint","urlTemplate":"https:\/\/www.rochas.com\/es\/?s={search_term_string}"},"query-input":"required name=search_term_string"}],"inLanguage":"es"}]}},"_links":{"self":[{"href":"https:\/\/www.rochas.com\/es\/wp-json\/wp\/v2\/pages\/5837"}],"collection":[{"href":"https:\/\/www.rochas.com\/es\/wp-json\/wp\/v2\/pages"}],"about":[{"href":"https:\/\/www.rochas.com\/es\/wp-json\/wp\/v2\/types\/page"}],"author":[{"embeddable":true,"href":"https:\/\/www.rochas.com\/es\/wp-json\/wp\/v2\/users\/1"}],"replies":[{"embeddable":true,"href":"https:\/\/www.rochas.com\/es\/wp-json\/wp\/v2\/comments?post=5837"}],"version-history":[{"count":8,"href":"https:\/\/www.rochas.com\/es\/wp-json\/wp\/v2\/pages\/5837\/revisions"}],"predecessor-version":[{"id":12930,"href":"https:\/\/www.rochas.com\/es\/wp-json\/wp\/v2\/pages\/5837\/revisions\/12930"}],"wp:featuredmedia":[{"embeddable":true,"href":"https:\/\/www.rochas.com\/es\/wp-json\/wp\/v2\/media\/5324"}],"wp:attachment":[{"href":"https:\/\/www.rochas.com\/es\/wp-json\/wp\/v2\/media?parent=5837"}],"wp:term":[{"taxonomy":"search_page_tag","embeddable":true,"href":"https:\/\/www.rochas.com\/es\/wp-json\/wp\/v2\/search_page_tag?post=5837"}],"curies":[{"name":"wp","href":"https:\/\/api.w.org\/{rel}","templated":true}]}}